{"id":6,"date":"2017-06-10T08:24:41","date_gmt":"2017-06-10T08:24:41","guid":{"rendered":"http:\/\/xtratheme.com\/business\/?page_id=6"},"modified":"2025-01-13T13:53:14","modified_gmt":"2025-01-13T13:53:14","slug":"about","status":"publish","type":"page","link":"https:\/\/sabrinapesca.com\/it\/about\/","title":{"rendered":"Informazioni"},"content":{"rendered":"<div data-elementor-type=\"wp-page\" data-elementor-id=\"6\" class=\"elementor elementor-6\">\n\t\t\t\t\t\t<section class=\"elementor-section elementor-top-section elementor-element elementor-element-e58abf3 elementor-section-boxed elementor-section-height-default elementor-section-height-default\" data-id=\"e58abf3\" data-element_type=\"section\">\n\t\t\t\t\t\t<div class=\"elementor-container elementor-column-gap-default\">\n\t\t\t\t\t<div class=\"elementor-column elementor-col-50 elementor-top-column elementor-element elementor-element-ed2fb59\" data-id=\"ed2fb59\" data-element_type=\"column\">\n\t\t\t<div class=\"elementor-widget-wrap elementor-element-populated\">\n\t\t\t\t\t\t<div class=\"elementor-element elementor-element-a152b95 elementor-widget elementor-widget-cz_image\" data-id=\"a152b95\" data-element_type=\"widget\" data-widget_type=\"cz_image.default\">\n\t\t\t\t<div class=\"elementor-widget-container\">\n\t\t\t\t\t\r\n\t\t<div class=\"cz_image clr cz_image_no_fx\">\r\n\r\n\t\t\t<div>\r\n\r\n\t\t\t\t<div class=\"cz_image_in\" data-tilt>\r\n\r\n\t\t\t\t\t<div class=\"cz_main_image\"><img fetchpriority=\"high\" decoding=\"async\" width=\"1024\" height=\"1792\" src=\"data:image\/svg+xml,%3Csvg%20xmlns%3D&#39;http%3A%2F%2Fwww.w3.org%2F2000%2Fsvg&#39;%20width=&#39;1024&#39;%20height=&#39;1792&#39;%20viewBox%3D&#39;0%200%201024%201792&#39;%2F%3E\" data-czlz data-src=\"https:\/\/sabrinapesca.com\/wp-content\/uploads\/2025\/01\/DALL\u00b7E-2025-01-13-16.23.48-A-realistic-and-professional-depiction-of-a-company-logo-being-displayed-prominently-on-the-exterior-of-a-modern-company-building.-The-logo-includes-a.webp\" class=\"attachment-full size-full wp-image-1564\" alt=\"\" data-srcset=\"https:\/\/sabrinapesca.com\/wp-content\/uploads\/2025\/01\/DALL\u00b7E-2025-01-13-16.23.48-A-realistic-and-professional-depiction-of-a-company-logo-being-displayed-prominently-on-the-exterior-of-a-modern-company-building.-The-logo-includes-a.webp 1024w, https:\/\/sabrinapesca.com\/wp-content\/uploads\/2025\/01\/DALL\u00b7E-2025-01-13-16.23.48-A-realistic-and-professional-depiction-of-a-company-logo-being-displayed-prominently-on-the-exterior-of-a-modern-company-building.-The-logo-includes-a-171x300.webp 171w, https:\/\/sabrinapesca.com\/wp-content\/uploads\/2025\/01\/DALL\u00b7E-2025-01-13-16.23.48-A-realistic-and-professional-depiction-of-a-company-logo-being-displayed-prominently-on-the-exterior-of-a-modern-company-building.-The-logo-includes-a-585x1024.webp 585w, https:\/\/sabrinapesca.com\/wp-content\/uploads\/2025\/01\/DALL\u00b7E-2025-01-13-16.23.48-A-realistic-and-professional-depiction-of-a-company-logo-being-displayed-prominently-on-the-exterior-of-a-modern-company-building.-The-logo-includes-a-768x1344.webp 768w, https:\/\/sabrinapesca.com\/wp-content\/uploads\/2025\/01\/DALL\u00b7E-2025-01-13-16.23.48-A-realistic-and-professional-depiction-of-a-company-logo-being-displayed-prominently-on-the-exterior-of-a-modern-company-building.-The-logo-includes-a-878x1536.webp 878w, https:\/\/sabrinapesca.com\/wp-content\/uploads\/2025\/01\/DALL\u00b7E-2025-01-13-16.23.48-A-realistic-and-professional-depiction-of-a-company-logo-being-displayed-prominently-on-the-exterior-of-a-modern-company-building.-The-logo-includes-a-7x12.webp 7w, https:\/\/sabrinapesca.com\/wp-content\/uploads\/2025\/01\/DALL\u00b7E-2025-01-13-16.23.48-A-realistic-and-professional-depiction-of-a-company-logo-being-displayed-prominently-on-the-exterior-of-a-modern-company-building.-The-logo-includes-a-600x1050.webp 600w, https:\/\/sabrinapesca.com\/wp-content\/uploads\/2025\/01\/DALL\u00b7E-2025-01-13-16.23.48-A-realistic-and-professional-depiction-of-a-company-logo-being-displayed-prominently-on-the-exterior-of-a-modern-company-building.-The-logo-includes-a-1000x1750.webp 1000w\" data-sizes=\"(max-width: 1024px) 100vw, 1024px\" \/><\/div>\r\n\r\n\t\t\t\t\t<div class=\"cz_hover_image\"><img fetchpriority=\"high\" decoding=\"async\" width=\"1024\" height=\"1792\" src=\"data:image\/svg+xml,%3Csvg%20xmlns%3D&#39;http%3A%2F%2Fwww.w3.org%2F2000%2Fsvg&#39;%20width=&#39;1024&#39;%20height=&#39;1792&#39;%20viewBox%3D&#39;0%200%201024%201792&#39;%2F%3E\" data-czlz data-src=\"https:\/\/sabrinapesca.com\/wp-content\/uploads\/2025\/01\/DALL\u00b7E-2025-01-13-16.23.48-A-realistic-and-professional-depiction-of-a-company-logo-being-displayed-prominently-on-the-exterior-of-a-modern-company-building.-The-logo-includes-a.webp\" class=\"attachment-full size-full wp-image-1564\" alt=\"\" data-srcset=\"https:\/\/sabrinapesca.com\/wp-content\/uploads\/2025\/01\/DALL\u00b7E-2025-01-13-16.23.48-A-realistic-and-professional-depiction-of-a-company-logo-being-displayed-prominently-on-the-exterior-of-a-modern-company-building.-The-logo-includes-a.webp 1024w, https:\/\/sabrinapesca.com\/wp-content\/uploads\/2025\/01\/DALL\u00b7E-2025-01-13-16.23.48-A-realistic-and-professional-depiction-of-a-company-logo-being-displayed-prominently-on-the-exterior-of-a-modern-company-building.-The-logo-includes-a-171x300.webp 171w, https:\/\/sabrinapesca.com\/wp-content\/uploads\/2025\/01\/DALL\u00b7E-2025-01-13-16.23.48-A-realistic-and-professional-depiction-of-a-company-logo-being-displayed-prominently-on-the-exterior-of-a-modern-company-building.-The-logo-includes-a-585x1024.webp 585w, https:\/\/sabrinapesca.com\/wp-content\/uploads\/2025\/01\/DALL\u00b7E-2025-01-13-16.23.48-A-realistic-and-professional-depiction-of-a-company-logo-being-displayed-prominently-on-the-exterior-of-a-modern-company-building.-The-logo-includes-a-768x1344.webp 768w, https:\/\/sabrinapesca.com\/wp-content\/uploads\/2025\/01\/DALL\u00b7E-2025-01-13-16.23.48-A-realistic-and-professional-depiction-of-a-company-logo-being-displayed-prominently-on-the-exterior-of-a-modern-company-building.-The-logo-includes-a-878x1536.webp 878w, https:\/\/sabrinapesca.com\/wp-content\/uploads\/2025\/01\/DALL\u00b7E-2025-01-13-16.23.48-A-realistic-and-professional-depiction-of-a-company-logo-being-displayed-prominently-on-the-exterior-of-a-modern-company-building.-The-logo-includes-a-7x12.webp 7w, https:\/\/sabrinapesca.com\/wp-content\/uploads\/2025\/01\/DALL\u00b7E-2025-01-13-16.23.48-A-realistic-and-professional-depiction-of-a-company-logo-being-displayed-prominently-on-the-exterior-of-a-modern-company-building.-The-logo-includes-a-600x1050.webp 600w, https:\/\/sabrinapesca.com\/wp-content\/uploads\/2025\/01\/DALL\u00b7E-2025-01-13-16.23.48-A-realistic-and-professional-depiction-of-a-company-logo-being-displayed-prominently-on-the-exterior-of-a-modern-company-building.-The-logo-includes-a-1000x1750.webp 1000w\" data-sizes=\"(max-width: 1024px) 100vw, 1024px\" \/><\/div>\r\n\t\t\t\t<\/div>\r\n\r\n\t\t\t\t\r\n\t\t\t<\/div>\r\n\r\n\t\t<\/div>\r\n\r\n\t\t\t\t\t\t<\/div>\n\t\t\t\t<\/div>\n\t\t\t\t\t<\/div>\n\t\t<\/div>\n\t\t\t\t<div class=\"elementor-column elementor-col-50 elementor-top-column elementor-element elementor-element-ae5fc1c\" data-id=\"ae5fc1c\" data-element_type=\"column\">\n\t\t\t<div class=\"elementor-widget-wrap elementor-element-populated\">\n\t\t\t\t\t\t<div class=\"elementor-element elementor-element-9fd2952 elementor-widget elementor-widget-cz_title\" data-id=\"9fd2952\" data-element_type=\"widget\" data-widget_type=\"cz_title.default\">\n\t\t\t\t<div class=\"elementor-widget-container\">\n\t\t\t\t\t\t\r\n\t\t<div>\r\n\t\t\t<div class=\"cz_title clr cz_smart_fs cz_mobile_text_center cz_title_pos_inline\"><div class=\"cz_title_content\"><div class=\"cz_wpe_content\"><h1>Azienda Sabrinapesca<\/h1><\/div><\/div><\/div>\r\n\t\t<\/div>\r\n\t\t\r\n\t\t\t\t\t\t<\/div>\n\t\t\t\t<\/div>\n\t\t\t\t<div class=\"elementor-element elementor-element-73291e8 elementor-widget__width-initial elementor-widget elementor-widget-cz_title\" data-id=\"73291e8\" data-element_type=\"widget\" data-widget_type=\"cz_title.default\">\n\t\t\t\t<div class=\"elementor-widget-container\">\n\t\t\t\t\t\t\r\n\t\t<div>\r\n\t\t\t<div class=\"cz_title clr cz_mobile_text_center cz_title_pos_inline\"><div class=\"cz_title_content\"><div class=\"cz_wpe_content\"><p>Siamo situati a <strong>Port Said, Egitto, e Alessandria, Egitto<\/strong>specializzata in prodotti ittici freschi, surgelati e confezionati.<\/p><h3>Pesce fresco quotidiano, tutto l'anno:<\/h3><p>I nostri prodotti sono della migliore qualit\u00e0. <strong>I nostri prodotti sono della qualit\u00e0 pi\u00f9 alta.<\/strong>provenienti direttamente dalla natura:<\/p><ul><li><strong>Nessun trattamento chimico<\/strong>.<\/li><li><strong>Nessuna esposizione allo stress<\/strong>, alimenti o antibiotici.<\/li><\/ul><p>Per queste ragioni, il nostro pesce pescato in natura \u00e8 ricco di Omega-3 e minerali, offrendo un gusto e una consistenza superiori. Ogni specie di pesce segue i suoi naturali cicli stagionali.<\/p><p>Offriamo inoltre ai nostri clienti la possibilit\u00e0 di ricevere il pesce <strong>fresco, gi\u00e0 pulito e tagliato in filetti adatti<\/strong>.<br \/>Il pesce fresco viene conservato in celle frigorifere a temperature comprese tra <strong>0\u00b0C e 4\u00b0C<\/strong>, con <strong>nessuna aggiunta di sostanze chimiche<\/strong>. Immediatamente dopo la cattura, il pesce viene conservato con scaglie di ghiaccio per mantenere la temperatura a <strong>0\u00b0C<\/strong>.<\/p><h3>Garanzia di Freschezza e Qualit\u00e0:<\/h3><p>La commercializzazione di pesce fresco e surgelato \u00e8 sempre stata al centro della nostra attivit\u00e0.<br \/>Confezioniamo il nostro pesce in scatole di polistirolo, con un peso tipico di <strong>5 kg, 20 kg o 35 kg.<\/strong>ma possiamo personalizzare il confezionamento su richiesta del cliente.<\/p><hr \/><h3>Logistica e Trasporti:<\/h3><h4><strong>Per il pesce fresco:<\/strong><\/h4><p>Ogni giorno spediamo pesce fresco appena pescato dalle nostre barche da pesca, elencate sul <strong>white list dell'Autorit\u00e0 Egiziana per la Sicurezza Alimentare.<\/strong>,<\/p><p>Codice UE dello stabilimento<\/p><p>EGY05-066FPP.58.03<\/p><p>e dal mercato ittico egiziano lo stesso giorno.<br \/>Garantiamo la consegna di pesce fresco ai nostri <strong>clienti dell'Unione Europea<\/strong> entro <strong>24 ore dalla cattura<\/strong>.<\/p><h4><strong>Per il pesce surgelato:<\/strong><\/h4><p>Acquistiamo pesce quotidianamente dal mercato locale, lo lavoriamo e lo congeliamo a <strong>-40\u00b0C<\/strong>. Il pesce surgelato viene conservato a <strong>-20\u00b0C<\/strong> prima di essere caricato in container ed esportato nel paese di destinazione.<\/p><\/div><\/div><\/div>\r\n\t\t<\/div>\r\n\t\t\r\n\t\t\t\t\t\t<\/div>\n\t\t\t\t<\/div>\n\t\t\t\t\t<\/div>\n\t\t<\/div>\n\t\t\t\t\t<\/div>\n\t\t<\/section>\n\t\t\t\t<section class=\"elementor-section elementor-top-section elementor-element elementor-element-917115f elementor-section-boxed elementor-section-height-default elementor-section-height-default\" data-id=\"917115f\" data-element_type=\"section\">\n\t\t\t\t\t\t<div class=\"elementor-container elementor-column-gap-default\">\n\t\t\t\t\t<div class=\"elementor-column elementor-col-100 elementor-top-column elementor-element elementor-element-4c0f4c4\" data-id=\"4c0f4c4\" data-element_type=\"column\">\n\t\t\t<div class=\"elementor-widget-wrap elementor-element-populated\">\n\t\t\t\t\t\t<div class=\"elementor-element elementor-element-80cfacb elementor-widget elementor-widget-cz_gap\" data-id=\"80cfacb\" data-element_type=\"widget\" data-widget_type=\"cz_gap.default\">\n\t\t\t\t<div class=\"elementor-widget-container\">\n\t\t\t\t\t<div class=\"cz_gap clr\"><\/div>\t\t\t\t<\/div>\n\t\t\t\t<\/div>\n\t\t\t\t<div class=\"elementor-element elementor-element-bf174a6 elementor-widget elementor-widget-cz_gap\" data-id=\"bf174a6\" data-element_type=\"widget\" data-widget_type=\"cz_gap.default\">\n\t\t\t\t<div class=\"elementor-widget-container\">\n\t\t\t\t\t<div class=\"cz_gap clr\"><\/div>\t\t\t\t<\/div>\n\t\t\t\t<\/div>\n\t\t\t\t\t<\/div>\n\t\t<\/div>\n\t\t\t\t\t<\/div>\n\t\t<\/section>\n\t\t\t\t<section class=\"elementor-section elementor-top-section elementor-element elementor-element-5ba89bd elementor-section-boxed elementor-section-height-default elementor-section-height-default\" data-id=\"5ba89bd\" data-element_type=\"section\">\n\t\t\t\t\t\t<div class=\"elementor-container elementor-column-gap-default\">\n\t\t\t\t\t<div class=\"elementor-column elementor-col-25 elementor-top-column elementor-element elementor-element-0c9367d\" data-id=\"0c9367d\" data-element_type=\"column\">\n\t\t\t<div class=\"elementor-widget-wrap elementor-element-populated\">\n\t\t\t\t\t\t<div class=\"elementor-element elementor-element-f40892b elementor-widget elementor-widget-cz_team\" data-id=\"f40892b\" data-element_type=\"widget\" data-widget_type=\"cz_team.default\">\n\t\t\t\t<div class=\"elementor-widget-container\">\n\t\t\t\t\t\t\t<div class=\"cz_team mb30 clr cz_team_3\">\r\n\t\t\t<div class=\"cz_team_img\"><div class=\"cz_team_content cz_wpe_content\"><h4><span style=\"color: #ffffff; font-size: 26px;\"><strong>Nick Herber<\/strong><\/span><\/h4><p><span style=\"color: #ffffff;\">Co-founder<\/span><\/p><\/div><div class=\"cz_team_social cz_social clr cz_social_fx_6 tar cz_tooltip cz_tooltip_up\"><div class=\"cz_team_social_in\"><a  class=\"cz-facebook\" data-title=\"Facebook\"><i class=\"fa fa-facebook\"><\/i><\/a><a  class=\"cz-twitter\" data-title=\"Twitter\"><i class=\"fa fa-twitter\"><\/i><\/a><a  class=\"cz-instagram\" data-title=\"Instagram\"><i class=\"fa fa-instagram\"><\/i><\/a><a  class=\"cz-skype\" data-title=\"Skype\"><i class=\"fa fa-skype\"><\/i><\/a><\/div><\/div><\/div>\t\t<\/div>\r\n\t\t\t\t\t\t<\/div>\n\t\t\t\t<\/div>\n\t\t\t\t\t<\/div>\n\t\t<\/div>\n\t\t\t\t<div class=\"elementor-column elementor-col-25 elementor-top-column elementor-element elementor-element-c6ace32\" data-id=\"c6ace32\" data-element_type=\"column\">\n\t\t\t<div class=\"elementor-widget-wrap elementor-element-populated\">\n\t\t\t\t\t\t<div class=\"elementor-element elementor-element-9040b01 elementor-widget elementor-widget-cz_team\" data-id=\"9040b01\" data-element_type=\"widget\" data-widget_type=\"cz_team.default\">\n\t\t\t\t<div class=\"elementor-widget-container\">\n\t\t\t\t\t\t\t<div class=\"cz_team mb30 clr cz_team_3\">\r\n\t\t\t<div class=\"cz_team_img\"><div class=\"cz_team_content cz_wpe_content\"><h4><span style=\"color: #ffffff; font-size: 26px;\"><strong>Jimmy Carey<\/strong><\/span><\/h4><p><span style=\"color: #ffffff;\">Developer<\/span><\/p><\/div><div class=\"cz_team_social cz_social clr cz_social_fx_6 tar cz_tooltip cz_tooltip_up\"><div class=\"cz_team_social_in\"><a  class=\"cz-facebook\" data-title=\"Facebook\"><i class=\"fa fa-facebook\"><\/i><\/a><a  class=\"cz-twitter\" data-title=\"Twitter\"><i class=\"fa fa-twitter\"><\/i><\/a><a  class=\"cz-instagram\" data-title=\"Instagram\"><i class=\"fa fa-instagram\"><\/i><\/a><a  class=\"cz-skype\" data-title=\"Skype\"><i class=\"fa fa-skype\"><\/i><\/a><\/div><\/div><\/div>\t\t<\/div>\r\n\t\t\t\t\t\t<\/div>\n\t\t\t\t<\/div>\n\t\t\t\t\t<\/div>\n\t\t<\/div>\n\t\t\t\t<div class=\"elementor-column elementor-col-25 elementor-top-column elementor-element elementor-element-fb8a7a6\" data-id=\"fb8a7a6\" data-element_type=\"column\">\n\t\t\t<div class=\"elementor-widget-wrap elementor-element-populated\">\n\t\t\t\t\t\t<div class=\"elementor-element elementor-element-f692089 elementor-widget elementor-widget-cz_team\" data-id=\"f692089\" data-element_type=\"widget\" data-widget_type=\"cz_team.default\">\n\t\t\t\t<div class=\"elementor-widget-container\">\n\t\t\t\t\t\t\t<div class=\"cz_team mb30 clr cz_team_3\">\r\n\t\t\t<div class=\"cz_team_img\"><div class=\"cz_team_content cz_wpe_content\"><h4><span style=\"color: #ffffff; font-size: 26px;\"><strong>Lisa Angel<\/strong><\/span><\/h4><p><span style=\"color: #ffffff;\">Designer<\/span><\/p><\/div><div class=\"cz_team_social cz_social clr cz_social_fx_6 tar cz_tooltip cz_tooltip_up\"><div class=\"cz_team_social_in\"><a  class=\"cz-facebook\" data-title=\"Facebook\"><i class=\"fa fa-facebook\"><\/i><\/a><a  class=\"cz-twitter\" data-title=\"Twitter\"><i class=\"fa fa-twitter\"><\/i><\/a><a  class=\"cz-instagram\" data-title=\"Instagram\"><i class=\"fa fa-instagram\"><\/i><\/a><a  class=\"cz-skype\" data-title=\"Skype\"><i class=\"fa fa-skype\"><\/i><\/a><\/div><\/div><\/div>\t\t<\/div>\r\n\t\t\t\t\t\t<\/div>\n\t\t\t\t<\/div>\n\t\t\t\t\t<\/div>\n\t\t<\/div>\n\t\t\t\t<div class=\"elementor-column elementor-col-25 elementor-top-column elementor-element elementor-element-5106dcd\" data-id=\"5106dcd\" data-element_type=\"column\">\n\t\t\t<div class=\"elementor-widget-wrap elementor-element-populated\">\n\t\t\t\t\t\t<div class=\"elementor-element elementor-element-7181d36 elementor-widget elementor-widget-cz_team\" data-id=\"7181d36\" data-element_type=\"widget\" data-widget_type=\"cz_team.default\">\n\t\t\t\t<div class=\"elementor-widget-container\">\n\t\t\t\t\t\t\t<div class=\"cz_team mb30 clr cz_team_3\">\r\n\t\t\t<div class=\"cz_team_img\"><div class=\"cz_team_content cz_wpe_content\"><h4><span style=\"color: #ffffff; font-size: 26px;\"><strong>Jordan Barrows<\/strong><\/span><\/h4><p><span style=\"color: #ffffff;\">Support<\/span><\/p><\/div><div class=\"cz_team_social cz_social clr cz_social_fx_6 tar cz_tooltip cz_tooltip_up\"><div class=\"cz_team_social_in\"><a  class=\"cz-facebook\" data-title=\"Facebook\"><i class=\"fa fa-facebook\"><\/i><\/a><a  class=\"cz-twitter\" data-title=\"Twitter\"><i class=\"fa fa-twitter\"><\/i><\/a><a  class=\"cz-instagram\" data-title=\"Instagram\"><i class=\"fa fa-instagram\"><\/i><\/a><a  class=\"cz-skype\" data-title=\"Skype\"><i class=\"fa fa-skype\"><\/i><\/a><\/div><\/div><\/div>\t\t<\/div>\r\n\t\t\t\t\t\t<\/div>\n\t\t\t\t<\/div>\n\t\t\t\t\t<\/div>\n\t\t<\/div>\n\t\t\t\t\t<\/div>\n\t\t<\/section>\n\t\t\t\t<\/div>","protected":false},"excerpt":{"rendered":"<p>Sabrinapesca Company We are located in Port Said, Egypt, and Alexandria, &#8230; <\/p>","protected":false},"author":1,"featured_media":0,"parent":0,"menu_order":0,"comment_status":"closed","ping_status":"closed","template":"","meta":{"footnotes":""},"class_list":["post-6","page","type-page","status-publish","hentry"],"_hostinger_reach_plugin_has_subscription_block":false,"_hostinger_reach_plugin_is_elementor":false,"_links":{"self":[{"href":"https:\/\/sabrinapesca.com\/it\/wp-json\/wp\/v2\/pages\/6","targetHints":{"allow":["GET"]}}],"collection":[{"href":"https:\/\/sabrinapesca.com\/it\/wp-json\/wp\/v2\/pages"}],"about":[{"href":"https:\/\/sabrinapesca.com\/it\/wp-json\/wp\/v2\/types\/page"}],"author":[{"embeddable":true,"href":"https:\/\/sabrinapesca.com\/it\/wp-json\/wp\/v2\/users\/1"}],"replies":[{"embeddable":true,"href":"https:\/\/sabrinapesca.com\/it\/wp-json\/wp\/v2\/comments?post=6"}],"version-history":[{"count":27,"href":"https:\/\/sabrinapesca.com\/it\/wp-json\/wp\/v2\/pages\/6\/revisions"}],"predecessor-version":[{"id":1594,"href":"https:\/\/sabrinapesca.com\/it\/wp-json\/wp\/v2\/pages\/6\/revisions\/1594"}],"wp:attachment":[{"href":"https:\/\/sabrinapesca.com\/it\/wp-json\/wp\/v2\/media?parent=6"}],"curies":[{"name":"wp","href":"https:\/\/api.w.org\/{rel}","templated":true}]}}